{"id":37,"date":"2026-02-16T23:07:05","date_gmt":"2026-02-16T23:07:05","guid":{"rendered":"https:\/\/innova.com.gt\/?page_id=37"},"modified":"2026-02-17T01:58:45","modified_gmt":"2026-02-17T01:58:45","slug":"tienda","status":"publish","type":"page","link":"https:\/\/innova.com.gt\/","title":{"rendered":"TIENDA"},"content":{"rendered":"\n<div class=\"wp-block-uagb-container uag-hide-mob uagb-block-c99cc15e alignfull uagb-is-root-container\"><div class=\"uagb-container-inner-blocks-wrap\">\n<div style=\"height:58px\" aria-hidden=\"true\" class=\"wp-block-spacer\"><\/div>\n\n\n\n<div class=\"wp-block-uagb-image uagb-block-545956fa wp-block-uagb-image--layout-default wp-block-uagb-image--effect-static wp-block-uagb-image--align-none\"><figure class=\"wp-block-uagb-image__figure\"><img loading=\"lazy\" decoding=\"async\" srcset=\"https:\/\/innovaxela.com.gt\/wp-content\/uploads\/2025\/09\/Recurso-5.svg ,https:\/\/innovaxela.com.gt\/wp-content\/uploads\/2025\/09\/Recurso-5.svg 780w, https:\/\/innovaxela.com.gt\/wp-content\/uploads\/2025\/09\/Recurso-5.svg 360w\" sizes=\"auto, (max-width: 480px) 150px\" src=\"https:\/\/innovaxela.com.gt\/wp-content\/uploads\/2025\/09\/Recurso-5.svg\" alt=\"\" class=\"uag-image-3844\" width=\"518\" height=\"338\" title=\"Recurso 5\" role=\"img\"\/><\/figure><\/div>\n\n\n\n<div style=\"height:58px\" aria-hidden=\"true\" class=\"wp-block-spacer\"><\/div>\n<\/div><\/div>\n\n\n\n<div class=\"wp-block-uagb-container uag-hide-mob uagb-block-f3233a80 alignfull uagb-is-root-container\"><div class=\"uagb-container-inner-blocks-wrap\">\n<div class=\"wp-block-uagb-container uagb-block-eba387bd alignfull uagb-is-root-container\"><div class=\"uagb-container-inner-blocks-wrap\">\n<div class=\"wp-block-uagb-container uagb-block-ebd14b2d\">\n<div class=\"wp-block-uagb-image uagb-block-63f7cf3c wp-block-uagb-image--layout-default wp-block-uagb-image--effect-static wp-block-uagb-image--align-none\"><figure class=\"wp-block-uagb-image__figure\"><img decoding=\"async\" srcset=\"https:\/\/innovaxela.com.gt\/wp-content\/uploads\/2025\/09\/Captura-de-pantalla-2023-02-04-220222.png ,https:\/\/innovaxela.com.gt\/wp-content\/uploads\/2025\/09\/Captura-de-pantalla-2023-02-04-220222.png 780w, https:\/\/innovaxela.com.gt\/wp-content\/uploads\/2025\/09\/Captura-de-pantalla-2023-02-04-220222.png 360w\" sizes=\"auto, (max-width: 480px) 150px\" src=\"https:\/\/innovaxela.com.gt\/wp-content\/uploads\/2025\/09\/Captura-de-pantalla-2023-02-04-220222.png\" alt=\"\" class=\"uag-image-3849\" width=\"350\" height=\"308\" title=\"Captura de pantalla 2023-02-04 220222\" loading=\"lazy\" role=\"img\"\/><\/figure><\/div>\n\n\n\n<div class=\"wp-block-uagb-info-box uagb-block-ee05a00b uagb-infobox__content-wrap  uagb-infobox-icon-above-title uagb-infobox-image-valign-top\"><div class=\"uagb-ifb-content\"><div class=\"uagb-ifb-title-wrap\"><h3 class=\"uagb-ifb-title\">Tripticos<\/h3><\/div><p class=\"uagb-ifb-desc\">Formato 12X8.5&#8243;<br>Impresos en papel couche base 100<br>Protegidos con barniz UV brillante o Mate.<\/p><div class=\"uagb-ifb-button-wrapper wp-block-button\"><a href=\"#\" class=\"uagb-infobox-cta-link wp-block-button__link\" target=\"_self\" rel=\"noopener noreferrer\" onclick=\"return false;\"><span class=\"uagb-inline-editing\">COTIZAR<\/span><\/a><\/div><\/div><\/div>\n<\/div>\n\n\n\n<div class=\"wp-block-uagb-container uagb-block-8db65022\">\n<div class=\"wp-block-uagb-image uagb-block-0c4e3378 wp-block-uagb-image--layout-default wp-block-uagb-image--effect-static wp-block-uagb-image--align-none\"><figure class=\"wp-block-uagb-image__figure\"><img decoding=\"async\" srcset=\"https:\/\/innovaxela.com.gt\/wp-content\/uploads\/2025\/09\/Captura-de-pantalla-2023-02-04-220222-copia.webp ,https:\/\/innovaxela.com.gt\/wp-content\/uploads\/2025\/09\/Captura-de-pantalla-2023-02-04-220222-copia.webp 780w, https:\/\/innovaxela.com.gt\/wp-content\/uploads\/2025\/09\/Captura-de-pantalla-2023-02-04-220222-copia.webp 360w\" sizes=\"auto, (max-width: 480px) 150px\" src=\"https:\/\/innovaxela.com.gt\/wp-content\/uploads\/2025\/09\/Captura-de-pantalla-2023-02-04-220222-copia.webp\" alt=\"\" class=\"uag-image-3851\" width=\"350\" height=\"308\" title=\"Captura de pantalla 2023-02-04 220222 copia\" loading=\"lazy\" role=\"img\"\/><\/figure><\/div>\n\n\n\n<div class=\"wp-block-uagb-info-box uagb-block-01890ab0 uagb-infobox__content-wrap  uagb-infobox-icon-above-title uagb-infobox-image-valign-top wp-block-uagb-info-box--has-margin\"><div class=\"uagb-infobox-margin-wrapper\"><div class=\"uagb-ifb-content\"><div class=\"uagb-ifb-title-wrap\"><h3 class=\"uagb-ifb-title\">Libros<\/h3><\/div><p class=\"uagb-ifb-desc\">Impresi\u00f3n de libros bajo demanda, desde 200 unidades si eres autor, ahora ya puedes imprimir tu libro.<\/p><div class=\"uagb-ifb-button-wrapper wp-block-button\"><a href=\"#\" class=\"uagb-infobox-cta-link wp-block-button__link\" target=\"_self\" rel=\"noopener noreferrer\" onclick=\"return false;\"><span class=\"uagb-inline-editing\">COTIZAR<\/span><\/a><\/div><\/div><\/div><\/div>\n<\/div>\n\n\n\n<div class=\"wp-block-uagb-container uagb-block-e6427fcc\">\n<div class=\"wp-block-uagb-image uagb-block-dfb3e50c wp-block-uagb-image--layout-default wp-block-uagb-image--effect-static wp-block-uagb-image--align-none\"><figure class=\"wp-block-uagb-image__figure\"><img decoding=\"async\" srcset=\"https:\/\/innovaxela.com.gt\/wp-content\/uploads\/2025\/09\/Captura-de-pantalla-2023-02-04-220222-copia1.webp ,https:\/\/innovaxela.com.gt\/wp-content\/uploads\/2025\/09\/Captura-de-pantalla-2023-02-04-220222-copia1.webp 780w, https:\/\/innovaxela.com.gt\/wp-content\/uploads\/2025\/09\/Captura-de-pantalla-2023-02-04-220222-copia1.webp 360w\" sizes=\"auto, (max-width: 480px) 150px\" src=\"https:\/\/innovaxela.com.gt\/wp-content\/uploads\/2025\/09\/Captura-de-pantalla-2023-02-04-220222-copia1.webp\" alt=\"\" class=\"uag-image-3852\" width=\"350\" height=\"308\" title=\"Captura de pantalla 2023-02-04 220222 copia1\" loading=\"lazy\" role=\"img\"\/><\/figure><\/div>\n\n\n\n<div class=\"wp-block-uagb-info-box uagb-block-2e942ce7 uagb-infobox__content-wrap  uagb-infobox-icon-above-title uagb-infobox-image-valign-top wp-block-uagb-info-box--has-margin\"><div class=\"uagb-infobox-margin-wrapper\"><div class=\"uagb-ifb-content\"><div class=\"uagb-ifb-title-wrap\"><h3 class=\"uagb-ifb-title\">Imprenta<\/h3><\/div><p class=\"uagb-ifb-desc\">Afiches, tarjetas de presentaci\u00f3n, volantes, impresi\u00f3n offset, laser, alto volum\u00e9n poco tiempo. <\/p><div class=\"uagb-ifb-button-wrapper wp-block-button\"><a href=\"#\" class=\"uagb-infobox-cta-link wp-block-button__link\" target=\"_self\" rel=\"noopener noreferrer\" onclick=\"return false;\"><span class=\"uagb-inline-editing\">COTIZAR<\/span><\/a><\/div><\/div><\/div><\/div>\n<\/div>\n<\/div><\/div>\n\n\n\n<div class=\"wp-block-uagb-container uagb-block-e3571e0d alignfull uagb-is-root-container\"><div class=\"uagb-container-inner-blocks-wrap\">\n<div class=\"wp-block-uagb-container uagb-block-2d30db0a\">\n<div class=\"wp-block-uagb-image uagb-block-162f221a wp-block-uagb-image--layout-default wp-block-uagb-image--effect-static wp-block-uagb-image--align-none\"><figure class=\"wp-block-uagb-image__figure\"><img decoding=\"async\" srcset=\"https:\/\/innovaxela.com.gt\/wp-content\/uploads\/2025\/09\/486067582_9688339657852769_6983557874565173166_n-1024x1024.jpg ,https:\/\/innovaxela.com.gt\/wp-content\/uploads\/2025\/09\/486067582_9688339657852769_6983557874565173166_n.jpg 780w, https:\/\/innovaxela.com.gt\/wp-content\/uploads\/2025\/09\/486067582_9688339657852769_6983557874565173166_n.jpg 360w\" sizes=\"auto, (max-width: 480px) 150px\" src=\"https:\/\/innovaxela.com.gt\/wp-content\/uploads\/2025\/09\/486067582_9688339657852769_6983557874565173166_n-1024x1024.jpg\" alt=\"\" class=\"uag-image-3863\" width=\"444\" height=\"414\" title=\"486067582_9688339657852769_6983557874565173166_n\" loading=\"lazy\" role=\"img\"\/><\/figure><\/div>\n<\/div>\n\n\n\n<div class=\"wp-block-uagb-container uagb-block-069c6821\">\n<div class=\"wp-block-uagb-image uagb-block-d30ba428 wp-block-uagb-image--layout-default wp-block-uagb-image--effect-static wp-block-uagb-image--align-none\"><figure class=\"wp-block-uagb-image__figure\"><img decoding=\"async\" srcset=\"https:\/\/innovaxela.com.gt\/wp-content\/uploads\/2025\/09\/185984699_4169849213035202_8542407991129716184_n-1024x1024.jpg ,https:\/\/innovaxela.com.gt\/wp-content\/uploads\/2025\/09\/185984699_4169849213035202_8542407991129716184_n.jpg 780w, https:\/\/innovaxela.com.gt\/wp-content\/uploads\/2025\/09\/185984699_4169849213035202_8542407991129716184_n-1024x1024.jpg 360w\" sizes=\"auto, (max-width: 480px) 150px\" src=\"https:\/\/innovaxela.com.gt\/wp-content\/uploads\/2025\/09\/185984699_4169849213035202_8542407991129716184_n-1024x1024.jpg\" alt=\"\" class=\"uag-image-3865\" width=\"445\" height=\"445\" title=\"185984699_4169849213035202_8542407991129716184_n\" loading=\"lazy\" role=\"img\"\/><\/figure><\/div>\n<\/div>\n<\/div><\/div>\n\n\n\n<div class=\"wp-block-uagb-container uagb-block-fcf210d4 alignfull uagb-is-root-container\"><div class=\"uagb-container-inner-blocks-wrap\">\n<div class=\"wp-block-uagb-image uagb-block-5dd6bb48 wp-block-uagb-image--layout-default wp-block-uagb-image--effect-static wp-block-uagb-image--align-none\"><figure class=\"wp-block-uagb-image__figure\"><img decoding=\"async\" srcset=\"https:\/\/innovaxela.com.gt\/wp-content\/uploads\/2025\/09\/492886146_1479055740156270_3164587423547121592_n.jpg ,https:\/\/innovaxela.com.gt\/wp-content\/uploads\/2025\/09\/492886146_1479055740156270_3164587423547121592_n.jpg 780w, https:\/\/innovaxela.com.gt\/wp-content\/uploads\/2025\/09\/492886146_1479055740156270_3164587423547121592_n.jpg 360w\" sizes=\"auto, (max-width: 480px) 150px\" src=\"https:\/\/innovaxela.com.gt\/wp-content\/uploads\/2025\/09\/492886146_1479055740156270_3164587423547121592_n.jpg\" alt=\"\" class=\"uag-image-3874\" width=\"468\" height=\"612\" title=\"492886146_1479055740156270_3164587423547121592_n\" loading=\"lazy\" role=\"img\"\/><\/figure><\/div>\n<\/div><\/div>\n<\/div><\/div>\n\n\n\n<div class=\"wp-block-uagb-container uag-hide-desktop uag-hide-tab uagb-block-e05d5ed3 alignfull uagb-is-root-container\"><div class=\"uagb-container-inner-blocks-wrap\">\n<div class=\"wp-block-uagb-image uagb-block-d02a15aa wp-block-uagb-image--layout-default wp-block-uagb-image--effect-static wp-block-uagb-image--align-none\"><figure class=\"wp-block-uagb-image__figure\"><img decoding=\"async\" srcset=\"https:\/\/innovaxela.com.gt\/wp-content\/uploads\/2025\/09\/185984699_4169849213035202_8542407991129716184_n-1024x1024.jpg ,https:\/\/innovaxela.com.gt\/wp-content\/uploads\/2025\/09\/185984699_4169849213035202_8542407991129716184_n.jpg 780w, https:\/\/innovaxela.com.gt\/wp-content\/uploads\/2025\/09\/185984699_4169849213035202_8542407991129716184_n-1024x1024.jpg 360w\" sizes=\"auto, (max-width: 480px) 150px\" src=\"https:\/\/innovaxela.com.gt\/wp-content\/uploads\/2025\/09\/185984699_4169849213035202_8542407991129716184_n-1024x1024.jpg\" alt=\"\" class=\"uag-image-3865\" width=\"520\" height=\"520\" title=\"185984699_4169849213035202_8542407991129716184_n\" loading=\"lazy\" role=\"img\"\/><\/figure><\/div>\n<\/div><\/div>\n\n\n\n<div class=\"wp-block-uagb-container uag-hide-desktop uag-hide-tab uagb-block-63dee294 alignfull uagb-is-root-container\"><div class=\"uagb-container-inner-blocks-wrap\">\n<div style=\"height:64px\" aria-hidden=\"true\" class=\"wp-block-spacer\"><\/div>\n\n\n\n<div class=\"wp-block-uagb-image uagb-block-a8e51c95 wp-block-uagb-image--layout-default wp-block-uagb-image--effect-static wp-block-uagb-image--align-none\"><figure class=\"wp-block-uagb-image__figure\"><img loading=\"lazy\" decoding=\"async\" srcset=\"https:\/\/innovaxela.com.gt\/wp-content\/uploads\/2025\/09\/Recurso-5.svg ,https:\/\/innovaxela.com.gt\/wp-content\/uploads\/2025\/09\/Recurso-5.svg 780w, https:\/\/innovaxela.com.gt\/wp-content\/uploads\/2025\/09\/Recurso-5.svg 360w\" sizes=\"auto, (max-width: 480px) 150px\" src=\"https:\/\/innovaxela.com.gt\/wp-content\/uploads\/2025\/09\/Recurso-5.svg\" alt=\"\" class=\"uag-image-3844\" width=\"518\" height=\"338\" title=\"Recurso 5\" role=\"img\"\/><\/figure><\/div>\n\n\n\n<div style=\"height:67px\" aria-hidden=\"true\" class=\"wp-block-spacer\"><\/div>\n<\/div><\/div>\n\n\n\n<div class=\"wp-block-uagb-container uag-hide-desktop uag-hide-tab uagb-block-c13699f7 alignfull uagb-is-root-container\"><div class=\"uagb-container-inner-blocks-wrap\">\n<div class=\"wp-block-uagb-container uagb-block-005799d1\">\n<div class=\"wp-block-uagb-image uagb-block-968a670b wp-block-uagb-image--layout-default wp-block-uagb-image--effect-static wp-block-uagb-image--align-none\"><figure class=\"wp-block-uagb-image__figure\"><img decoding=\"async\" srcset=\"https:\/\/innovaxela.com.gt\/wp-content\/uploads\/2025\/09\/Captura-de-pantalla-2023-02-04-220222.png ,https:\/\/innovaxela.com.gt\/wp-content\/uploads\/2025\/09\/Captura-de-pantalla-2023-02-04-220222.png 780w, https:\/\/innovaxela.com.gt\/wp-content\/uploads\/2025\/09\/Captura-de-pantalla-2023-02-04-220222.png 360w\" sizes=\"auto, (max-width: 480px) 150px\" src=\"https:\/\/innovaxela.com.gt\/wp-content\/uploads\/2025\/09\/Captura-de-pantalla-2023-02-04-220222.png\" alt=\"\" class=\"uag-image-3849\" width=\"350\" height=\"308\" title=\"Captura de pantalla 2023-02-04 220222\" loading=\"lazy\" role=\"img\"\/><\/figure><\/div>\n\n\n\n<div class=\"wp-block-uagb-info-box uagb-block-eefe5c30 uagb-infobox__content-wrap  uagb-infobox-icon-above-title uagb-infobox-image-valign-top\"><div class=\"uagb-ifb-content\"><div class=\"uagb-ifb-title-wrap\"><h3 class=\"uagb-ifb-title\">Tripticos<\/h3><\/div><p class=\"uagb-ifb-desc\">Formato 12X8.5&#8243;<br>Impresos en papel couche base 100<br>Protegidos con barniz UV brillante o Mate.<\/p><div class=\"uagb-ifb-button-wrapper wp-block-button\"><a href=\"#\" class=\"uagb-infobox-cta-link wp-block-button__link\" target=\"_self\" rel=\"noopener noreferrer\" onclick=\"return false;\"><span class=\"uagb-inline-editing\">COTIZAR<\/span><\/a><\/div><\/div><\/div>\n<\/div>\n\n\n\n<div class=\"wp-block-uagb-container uagb-block-adcde782\">\n<div class=\"wp-block-uagb-image uagb-block-7daa610f wp-block-uagb-image--layout-default wp-block-uagb-image--effect-static wp-block-uagb-image--align-none\"><figure class=\"wp-block-uagb-image__figure\"><img decoding=\"async\" srcset=\"https:\/\/innovaxela.com.gt\/wp-content\/uploads\/2025\/09\/Captura-de-pantalla-2023-02-04-220222-copia.webp ,https:\/\/innovaxela.com.gt\/wp-content\/uploads\/2025\/09\/Captura-de-pantalla-2023-02-04-220222-copia.webp 780w, https:\/\/innovaxela.com.gt\/wp-content\/uploads\/2025\/09\/Captura-de-pantalla-2023-02-04-220222-copia.webp 360w\" sizes=\"auto, (max-width: 480px) 150px\" src=\"https:\/\/innovaxela.com.gt\/wp-content\/uploads\/2025\/09\/Captura-de-pantalla-2023-02-04-220222-copia.webp\" alt=\"\" class=\"uag-image-3851\" width=\"350\" height=\"308\" title=\"Captura de pantalla 2023-02-04 220222 copia\" loading=\"lazy\" role=\"img\"\/><\/figure><\/div>\n\n\n\n<div class=\"wp-block-uagb-info-box uagb-block-5526da11 uagb-infobox__content-wrap  uagb-infobox-icon-above-title uagb-infobox-image-valign-top wp-block-uagb-info-box--has-margin\"><div class=\"uagb-infobox-margin-wrapper\"><div class=\"uagb-ifb-content\"><div class=\"uagb-ifb-title-wrap\"><h3 class=\"uagb-ifb-title\">Libros<\/h3><\/div><p class=\"uagb-ifb-desc\">Impresi\u00f3n de libros bajo demanda, desde 200 unidades si eres autor, ahora ya puedes imprimir tu libro.<\/p><div class=\"uagb-ifb-button-wrapper wp-block-button\"><a href=\"#\" class=\"uagb-infobox-cta-link wp-block-button__link\" target=\"_self\" rel=\"noopener noreferrer\" onclick=\"return false;\"><span class=\"uagb-inline-editing\">COTIZAR<\/span><\/a><\/div><\/div><\/div><\/div>\n<\/div>\n\n\n\n<div class=\"wp-block-uagb-container uagb-block-77da8a23\">\n<div class=\"wp-block-uagb-image uagb-block-56524e65 wp-block-uagb-image--layout-default wp-block-uagb-image--effect-static wp-block-uagb-image--align-none\"><figure class=\"wp-block-uagb-image__figure\"><img decoding=\"async\" srcset=\"https:\/\/innovaxela.com.gt\/wp-content\/uploads\/2025\/09\/Captura-de-pantalla-2023-02-04-220222-copia1.webp ,https:\/\/innovaxela.com.gt\/wp-content\/uploads\/2025\/09\/Captura-de-pantalla-2023-02-04-220222-copia1.webp 780w, https:\/\/innovaxela.com.gt\/wp-content\/uploads\/2025\/09\/Captura-de-pantalla-2023-02-04-220222-copia1.webp 360w\" sizes=\"auto, (max-width: 480px) 150px\" src=\"https:\/\/innovaxela.com.gt\/wp-content\/uploads\/2025\/09\/Captura-de-pantalla-2023-02-04-220222-copia1.webp\" alt=\"\" class=\"uag-image-3852\" width=\"350\" height=\"308\" title=\"Captura de pantalla 2023-02-04 220222 copia1\" loading=\"lazy\" role=\"img\"\/><\/figure><\/div>\n\n\n\n<div class=\"wp-block-uagb-info-box uagb-block-a5120168 uagb-infobox__content-wrap  uagb-infobox-icon-above-title uagb-infobox-image-valign-top wp-block-uagb-info-box--has-margin\"><div class=\"uagb-infobox-margin-wrapper\"><div class=\"uagb-ifb-content\"><div class=\"uagb-ifb-title-wrap\"><h3 class=\"uagb-ifb-title\">Imprenta<\/h3><\/div><p class=\"uagb-ifb-desc\">Afiches, tarjetas de presentaci\u00f3n, volantes, impresi\u00f3n offset, laser, alto volum\u00e9n poco tiempo. <\/p><div class=\"uagb-ifb-button-wrapper wp-block-button\"><a href=\"#\" class=\"uagb-infobox-cta-link wp-block-button__link\" target=\"_self\" rel=\"noopener noreferrer\" onclick=\"return false;\"><span class=\"uagb-inline-editing\">COTIZAR<\/span><\/a><\/div><\/div><\/div><\/div>\n<\/div>\n<\/div><\/div>\n\n\n\n<div class=\"wp-block-uagb-container uag-hide-desktop uag-hide-tab uagb-block-9e911c0e alignfull uagb-is-root-container\"><div class=\"uagb-container-inner-blocks-wrap\">\n<div class=\"wp-block-uagb-image uagb-block-f42d7f95 wp-block-uagb-image--layout-default wp-block-uagb-image--effect-static wp-block-uagb-image--align-none\"><figure class=\"wp-block-uagb-image__figure\"><img decoding=\"async\" srcset=\"https:\/\/innovaxela.com.gt\/wp-content\/uploads\/2025\/09\/492886146_1479055740156270_3164587423547121592_n.jpg ,https:\/\/innovaxela.com.gt\/wp-content\/uploads\/2025\/09\/492886146_1479055740156270_3164587423547121592_n.jpg 780w, https:\/\/innovaxela.com.gt\/wp-content\/uploads\/2025\/09\/492886146_1479055740156270_3164587423547121592_n.jpg 360w\" sizes=\"auto, (max-width: 480px) 150px\" src=\"https:\/\/innovaxela.com.gt\/wp-content\/uploads\/2025\/09\/492886146_1479055740156270_3164587423547121592_n.jpg\" alt=\"\" class=\"uag-image-3874\" width=\"468\" height=\"612\" title=\"492886146_1479055740156270_3164587423547121592_n\" loading=\"lazy\" role=\"img\"\/><\/figure><\/div>\n<\/div><\/div>\n","protected":false},"excerpt":{"rendered":"","protected":false},"author":1,"featured_media":0,"parent":0,"menu_order":0,"comment_status":"closed","ping_status":"closed","template":"","meta":{"_uag_custom_page_level_css":"","site-sidebar-layout":"default","site-content-layout":"","ast-site-content-layout":"default","site-content-style":"default","site-sidebar-style":"default","ast-global-header-display":"disabled","ast-banner-title-visibility":"disabled","ast-main-header-display":"","ast-hfb-above-header-display":"","ast-hfb-below-header-display":"","ast-hfb-mobile-header-display":"","site-post-title":"disabled","ast-breadcrumbs-content":"","ast-featured-img":"","footer-sml-layout":"disabled","ast-disable-related-posts":"","theme-transparent-header-meta":"","adv-header-id-meta":"","stick-header-meta":"","header-above-stick-meta":"","header-main-stick-meta":"","header-below-stick-meta":"","astra-migrate-meta-layouts":"default","ast-page-background-enabled":"default","ast-page-background-meta":{"desktop":{"background-color":"var(--ast-global-color-5)","background-image":"","background-repeat":"repeat","background-position":"center center","background-size":"auto","background-attachment":"scroll","background-type":"","background-media":"","overlay-type":"","overlay-color":"","overlay-opacity":"","overlay-gradient":""},"tablet":{"background-color":"","background-image":"","background-repeat":"repeat","background-position":"center center","background-size":"auto","background-attachment":"scroll","background-type":"","background-media":"","overlay-type":"","overlay-color":"","overlay-opacity":"","overlay-gradient":""},"mobile":{"background-color":"","background-image":"","background-repeat":"repeat","background-position":"center center","background-size":"auto","background-attachment":"scroll","background-type":"","background-media":"","overlay-type":"","overlay-color":"","overlay-opacity":"","overlay-gradient":""}},"ast-content-background-meta":{"desktop":{"background-color":"var(--ast-global-color-4)","background-image":"","background-repeat":"repeat","background-position":"center center","background-size":"auto","background-attachment":"scroll","background-type":"","background-media":"","overlay-type":"","overlay-color":"","overlay-opacity":"","overlay-gradient":""},"tablet":{"background-color":"var(--ast-global-color-4)","background-image":"","background-repeat":"repeat","background-position":"center center","background-size":"auto","background-attachment":"scroll","background-type":"","background-media":"","overlay-type":"","overlay-color":"","overlay-opacity":"","overlay-gradient":""},"mobile":{"background-color":"var(--ast-global-color-4)","background-image":"","background-repeat":"repeat","background-position":"center center","background-size":"auto","background-attachment":"scroll","background-type":"","background-media":"","overlay-type":"","overlay-color":"","overlay-opacity":"","overlay-gradient":""}},"footnotes":""},"class_list":["post-37","page","type-page","status-publish","hentry"],"uagb_featured_image_src":{"full":false,"thumbnail":false,"medium":false,"medium_large":false,"large":false,"1536x1536":false,"2048x2048":false},"uagb_author_info":{"display_name":"admin","author_link":"https:\/\/innova.com.gt\/?author=1"},"uagb_comment_info":0,"uagb_excerpt":null,"_links":{"self":[{"href":"https:\/\/innova.com.gt\/index.php?rest_route=\/wp\/v2\/pages\/37","targetHints":{"allow":["GET"]}}],"collection":[{"href":"https:\/\/innova.com.gt\/index.php?rest_route=\/wp\/v2\/pages"}],"about":[{"href":"https:\/\/innova.com.gt\/index.php?rest_route=\/wp\/v2\/types\/page"}],"author":[{"embeddable":true,"href":"https:\/\/innova.com.gt\/index.php?rest_route=\/wp\/v2\/users\/1"}],"replies":[{"embeddable":true,"href":"https:\/\/innova.com.gt\/index.php?rest_route=%2Fwp%2Fv2%2Fcomments&post=37"}],"version-history":[{"count":8,"href":"https:\/\/innova.com.gt\/index.php?rest_route=\/wp\/v2\/pages\/37\/revisions"}],"predecessor-version":[{"id":52,"href":"https:\/\/innova.com.gt\/index.php?rest_route=\/wp\/v2\/pages\/37\/revisions\/52"}],"wp:attachment":[{"href":"https:\/\/innova.com.gt\/index.php?rest_route=%2Fwp%2Fv2%2Fmedia&parent=37"}],"curies":[{"name":"wp","href":"https:\/\/api.w.org\/{rel}","templated":true}]}}